{"id":477,"date":"2023-05-19T22:27:00","date_gmt":"2023-05-19T20:27:00","guid":{"rendered":"https:\/\/empfehlung-robin-hauger.com\/?page_id=477"},"modified":"2023-05-19T22:27:25","modified_gmt":"2023-05-19T20:27:25","slug":"impressum","status":"publish","type":"page","link":"https:\/\/empfehlung-robin-hauger.com\/?page_id=477","title":{"rendered":"Impressum"},"content":{"rendered":"\t\t<div data-elementor-type=\"wp-page\" data-elementor-id=\"477\" class=\"elementor elementor-477\">\n\t\t\t\t\t\t\t\t\t<section class=\"elementor-section elementor-top-section elementor-element elementor-element-3d30ded elementor-section-boxed elementor-section-height-default elementor-section-height-default\" data-id=\"3d30ded\" data-element_type=\"section\">\n\t\t\t\t\t\t<div class=\"elementor-container elementor-column-gap-default\">\n\t\t\t\t\t<div class=\"elementor-column elementor-col-100 elementor-top-column elementor-element elementor-element-3b69a32\" data-id=\"3b69a32\" data-element_type=\"column\">\n\t\t\t<div class=\"elementor-widget-wrap elementor-element-populated\">\n\t\t\t\t\t\t\t\t<div class=\"elementor-element elementor-element-0ed632c elementor-widget elementor-widget-text-editor\" data-id=\"0ed632c\" data-element_type=\"widget\" data-widget_type=\"text-editor.default\">\n\t\t\t\t<div class=\"elementor-widget-container\">\n\t\t\t<style>\/*! elementor - v3.13.2 - 11-05-2023 *\/\n.elementor-widget-text-editor.elementor-drop-cap-view-stacked .elementor-drop-cap{background-color:#69727d;color:#fff}.elementor-widget-text-editor.elementor-drop-cap-view-framed .elementor-drop-cap{color:#69727d;border:3px solid;background-color:transparent}.elementor-widget-text-editor:not(.elementor-drop-cap-view-default) .elementor-drop-cap{margin-top:8px}.elementor-widget-text-editor:not(.elementor-drop-cap-view-default) .elementor-drop-cap-letter{width:1em;height:1em}.elementor-widget-text-editor .elementor-drop-cap{float:left;text-align:center;line-height:1;font-size:50px}.elementor-widget-text-editor .elementor-drop-cap-letter{display:inline-block}<\/style>\t\t\t\t<p>Robin Hauger<br \/>K\u00f6lner Str. 232<br \/>51149 K\u00f6ln<br \/>Telefon: +49 173 2804820<br \/>E-Mail:\u00a0<a href=\"mailto:Robin.Hauger@dvag.de\">Robin.Hauger@dvag.de<\/a><br \/>Internet:\u00a0<a class=\"external\" href=\"https:\/\/www.dvag.de\/Robin.Hauger\" rel=\"external\">www.dvag.de\/Robin.Hauger<\/a><br \/><br \/>Im Versicherungsbereich als gebundener Vermittler gem\u00e4\u00df \u00a7 34d Abs. 7 GewO auf Provisionsbasis ausschlie\u00dflich vermittelnd und beratend t\u00e4tig f\u00fcr die Generali Deutschland Lebensversicherung, Generali Deutschland Versicherung, Generali Deutschland Krankenversicherung, Generali Pensionskasse, ADVOCARD Rechtsschutzversicherung. Dar\u00fcber hinaus k\u00f6nnen in Einzelf\u00e4llen geldwerte Vorteile in Form von Sachleistungen anfallen (z.B. Schulungen sowie Einladungen f\u00fcr die Teilnahme an kulturellen und gesellschaftlichen Veranstaltungen, Informationsmaterial, Aufmerksamkeiten)<br \/><br \/><strong>Schlichtungsstellen:<\/strong><br \/>Verein Versicherungsombudsmann e.V.<br \/>Postfach 080632, 10006 Berlin<br \/>Ombudsmann Private Kranken- und Pflegeversicherung<br \/>Postfach 060222, 10052 Berlin<br \/><a class=\"external\" href=\"https:\/\/www.versicherungsombudsmann.de\/\" rel=\"external\">www.versicherungsombudsmann.de<\/a>,\u00a0<a class=\"external\" href=\"https:\/\/www.pkv-ombudsmann.de\/\" rel=\"external\">www.pkv-ombudsmann.de<\/a><br \/><br \/><strong>Erlaubnis- und Aufsichtsbeh\u00f6rde gem\u00e4\u00df \u00a7 34c GewO:<\/strong>\u00a0Stadtverwaltung Leverkusen, Miselohestr. 4, 51379 Leverkusen<br \/><strong>Gemeinsame Registerstelle f\u00fcr \u00a7 34d GewO<\/strong><br \/>Deutscher Industrie- und Handelskammertag (DIHK) e.V.<br \/>Breite Stra\u00dfe 29, 10178 Berlin, Telefon 0180 600585-0<br \/>(20 Cent\/Anruf)<br \/><a class=\"external\" href=\"https:\/\/www.vermittlerregister.info\/\" rel=\"external\">www.vermittlerregister.info<\/a><br \/><br \/>Registernummer nach \u00a7 34d GewO: D-OKH1-ZOEX1-46<br \/><br \/><br \/>Die Verm\u00f6gensberater nehmen keine Kundengelder entgegen. Zahlungen erfolgen direkt von den Kunden an die jeweiligen Produktpartner.<br \/><br \/><strong>Haftungshinweis:<\/strong>\u00a0Trotz sorgf\u00e4ltiger inhaltlicher Kontrolle \u00fcbernehmen wir keine Haftung f\u00fcr die Inhalte externer Links. F\u00fcr den Inhalt der verlinkten Seiten sind ausschlie\u00dflich deren Betreiber verantwortlich.<\/p>\t\t\t\t\t\t<\/div>\n\t\t\t\t<\/div>\n\t\t\t\t\t<\/div>\n\t\t<\/div>\n\t\t\t\t\t\t\t<\/div>\n\t\t<\/section>\n\t\t\t\t\t\t\t<\/div>\n\t\t","protected":false},"excerpt":{"rendered":"","protected":false},"author":1,"featured_media":0,"parent":0,"menu_order":0,"comment_status":"closed","ping_status":"closed","template":"","meta":[],"aioseo_notices":[],"_links":{"self":[{"href":"https:\/\/empfehlung-robin-hauger.com\/index.php?rest_route=\/wp\/v2\/pages\/477"}],"collection":[{"href":"https:\/\/empfehlung-robin-hauger.com\/index.php?rest_route=\/wp\/v2\/pages"}],"about":[{"href":"https:\/\/empfehlung-robin-hauger.com\/index.php?rest_route=\/wp\/v2\/types\/page"}],"author":[{"embeddable":true,"href":"https:\/\/empfehlung-robin-hauger.com\/index.php?rest_route=\/wp\/v2\/users\/1"}],"replies":[{"embeddable":true,"href":"https:\/\/empfehlung-robin-hauger.com\/index.php?rest_route=%2Fwp%2Fv2%2Fcomments&post=477"}],"version-history":[{"count":4,"href":"https:\/\/empfehlung-robin-hauger.com\/index.php?rest_route=\/wp\/v2\/pages\/477\/revisions"}],"predecessor-version":[{"id":481,"href":"https:\/\/empfehlung-robin-hauger.com\/index.php?rest_route=\/wp\/v2\/pages\/477\/revisions\/481"}],"wp:attachment":[{"href":"https:\/\/empfehlung-robin-hauger.com\/index.php?rest_route=%2Fwp%2Fv2%2Fmedia&parent=477"}],"curies":[{"name":"wp","href":"https:\/\/api.w.org\/{rel}","templated":true}]}}